{"id":17,"date":"2016-11-18T18:42:09","date_gmt":"2016-11-18T18:42:09","guid":{"rendered":"http:\/\/rosesday.com.br\/?page_id=17"},"modified":"2018-11-22T15:55:13","modified_gmt":"2018-11-22T12:55:13","slug":"como-participar","status":"publish","type":"page","link":"https:\/\/viesba.com.br\/sites\/rosesday.com.br\/","title":{"rendered":""},"content":{"rendered":"<p><strong>Vaquinha Online<\/strong><\/p>\n<p>Estamos promovendo uma <a href=\"http:\/\/vaka.me\/ljyamn\">vaquinha online<\/a> para arrecadar <strong>15mil reais<\/strong> para ser doado para\u00a0o<br \/>\n<strong><a href=\"https:\/\/www.facebook.com\/Lar-da-Crian%C3%A7a-Dr-Bezerra-de-Menezes-343539282507696\/\">Lar da Crian\u00e7a de Bandeirantes\/PR<\/a><\/strong>, entidade sem fins lucrativos que acolhe crian\u00e7as em risco social do munic\u00edpio de Bandeirantes\/PR.<\/p>\n<h1 style=\"text-align: center;\"><span style=\"text-decoration: underline;\"><span style=\"color: #ff0000;\"><strong><a style=\"color: #ff0000; text-decoration: underline;\" href=\"http:\/\/vaka.me\/ljyamn\">DOE AQUI!<\/a><\/strong><\/span><\/span><\/h1>\n<p>A vaquinha ser\u00e1 realizada por meio do site vakinha.com.br onde o valor arrecadado fica sob responsabilidade do site e ao atingir o valor proposto este ser\u00e1 depositado na conta banc\u00e1ria da institui\u00e7\u00e3o.<\/p>\n<p>Contamos com a ajuda de todos com a divulga\u00e7\u00e3o em redes sociais usando #RosesDay.<\/p>\n<p><strong>Voc\u00ea conhece alguma institui\u00e7\u00e3o que precisa de ajuda?\u00a0<a href=\"https:\/\/viesba.com.br\/sites\/rosesday.com.br\/rosesday\/instituicao\/adicionar\">Cadastre aqui<\/a>!<\/strong><\/p>\n<p><img decoding=\"async\" loading=\"lazy\" class=\"size-full wp-image-39 alignleft\" src=\"https:\/\/viesba.com.br\/sites\/rosesday.com.br\/wp-content\/uploads\/2016\/11\/cropped-cropped-logoP.png\" alt=\"cropped-cropped-logoP.png\" width=\"200\" height=\"76\" \/><\/p>\n","protected":false},"excerpt":{"rendered":"<p>Vaquinha Online Estamos promovendo uma vaquinha online para arrecadar 15mil reais para ser doado para\u00a0o Lar da Crian\u00e7a de Bandeirantes\/PR, entidade sem fins lucrativos que acolhe crian\u00e7as em risco social do munic\u00edpio de Bandeirantes\/PR. DOE AQUI! A vaquinha ser\u00e1 realizada por meio do site vakinha.com.br onde o valor arrecadado fica sob responsabilidade do site e [&hellip;]<\/p>\n","protected":false},"author":1,"featured_media":0,"parent":0,"menu_order":0,"comment_status":"closed","ping_status":"closed","template":"","meta":[],"_links":{"self":[{"href":"https:\/\/viesba.com.br\/sites\/rosesday.com.br\/index.php?rest_route=\/wp\/v2\/pages\/17"}],"collection":[{"href":"https:\/\/viesba.com.br\/sites\/rosesday.com.br\/index.php?rest_route=\/wp\/v2\/pages"}],"about":[{"href":"https:\/\/viesba.com.br\/sites\/rosesday.com.br\/index.php?rest_route=\/wp\/v2\/types\/page"}],"author":[{"embeddable":true,"href":"https:\/\/viesba.com.br\/sites\/rosesday.com.br\/index.php?rest_route=\/wp\/v2\/users\/1"}],"replies":[{"embeddable":true,"href":"https:\/\/viesba.com.br\/sites\/rosesday.com.br\/index.php?rest_route=%2Fwp%2Fv2%2Fcomments&post=17"}],"version-history":[{"count":11,"href":"https:\/\/viesba.com.br\/sites\/rosesday.com.br\/index.php?rest_route=\/wp\/v2\/pages\/17\/revisions"}],"predecessor-version":[{"id":126,"href":"https:\/\/viesba.com.br\/sites\/rosesday.com.br\/index.php?rest_route=\/wp\/v2\/pages\/17\/revisions\/126"}],"wp:attachment":[{"href":"https:\/\/viesba.com.br\/sites\/rosesday.com.br\/index.php?rest_route=%2Fwp%2Fv2%2Fmedia&parent=17"}],"curies":[{"name":"wp","href":"https:\/\/api.w.org\/{rel}","templated":true}]}}